{"id":1047,"date":"2023-05-23T10:55:21","date_gmt":"2023-05-23T10:55:21","guid":{"rendered":"https:\/\/weareamway.com\/get-to-know-amway\/"},"modified":"2026-04-06T14:59:02","modified_gmt":"2026-04-06T14:59:02","slug":"get-to-know-amway","status":"publish","type":"page","link":"https:\/\/weareamway.com\/es\/","title":{"rendered":"Get To Know Amway"},"content":{"rendered":"    <div class=\"hero-with-side-video first-block\">\r\n        <div class=\"container desktop-container\">\r\n            <div class=\"inner\">\r\n                <div class=\"left\">\r\n                    <div class=\"container\">\r\n                                                    <div class=\"heading\">\r\n                                <h1>Qui\u00e9nes somos<\/h1>\n                            <\/div>\r\n                                                                            <div class=\"subheading\">\r\n                                <p>Nuestra misi\u00f3n es ayudar a las personas a vivir una vida mejor y m\u00e1s saludable.<\/p>\n                            <\/div>\r\n                                                                            <div class=\"paragraph\">\r\n                                <p>Amway es una empresa de salud y bienestar dirigida por emprendedores que apoya a m\u00e1s de 1 mill\u00f3n de empresarios Amway en todo el mundo y a m\u00e1s de 290,000 empresarios independientes en Estados Unidos. Estas personas venden a sus clientes soluciones innovadoras de nutrici\u00f3n de alta calidad, bienestar hol\u00edstico, belleza y cuidado del hogar de origen natural.<\/p>\n                            <\/div>\r\n                                                                            <a class=\"btn blue-btn\" href=\"https:\/\/weareamway.com\/es\/amway-facts\/#health-wellness\" >Salud y Bienestar en Amway<\/a>\r\n                                            <\/div>\r\n                <\/div>\r\n                <div class=\"right\">\r\n                    <div class=\"video\">\r\n                        <div class=\"video-heading-wrap\">\r\n                            <h1 class=\"video-heading\">\r\n                                <span class=\"word word1\">Entrepreneurs<\/span>\r\n                                <span class=\"word word2\">Community<\/span>\r\n                                <span class=\"word word3\">Wellness<\/span>\r\n                                <span class=\"word word4\">Service<\/span>\r\n                            <\/h1>\r\n                        <\/div>\r\n                                                                            <div class=\"hero--video\">\r\n                                <video src=\"https:\/\/weareamway.com\/wp-content\/uploads\/2024\/02\/1440x823-IBO-Web-Header-C_ES_1.mp4\" autoplay playsinline loop muted>\r\n                                    <track\r\n                                        label=\"English\"\r\n                                        kind=\"captions\"\r\n                                        srclang=\"en\"\r\n                                        src=\"\"\r\n                                        default \/>\r\n                                <\/video>\r\n                            <\/div>\r\n                                            <\/div>\r\n                <\/div>\r\n            <\/div>\r\n        <\/div>\r\n    <\/div>\r\n\n\n    <div class=\"banner\">\r\n        <div class=\"container d-flex flex-column flex-lg-row align-items-center justify-content-center\">\r\n                            <div class=\"text\">\r\n                    <p>Estreno mundial de\u00a0<em>Amway: Una Historia Americana<\/em>, ya disponible.<\/p>\n                <\/div>\r\n                                        <div class=\"cta-wrap\"><a class=\"btn \" href=\"\/es\/american-story\/\">Vea la serie documental de cuatro partes<\/a><\/div>\r\n                    <\/div>\r\n    <\/div>\r\n\n\n    \n\n                    <div class=\"news-section\">\r\n            <div class=\"container\">\r\n                                    <h2 class=\"h1 heading text-center\">\r\n                        Noticias Destacadas                    <\/h2>\r\n                                                    <div class=\"news-wrap\">\r\n                                            <div class=\"news-item news-item-0\">\r\n                            <p class=\"post-date\">\r\n                                marzo, 2026                            <\/p>\r\n\r\n                            <h3 class=\"h4 post-heading\">\r\n                                Rompiendo barreras y formando equipos: El impacto de Sam Soyka en la fabricaci\u00f3n de Amway                            <\/h3>\r\n\r\n                            <p class=\"post-excerpt\">\r\n                                En Amway, no solo nos enorgullecemos de nuestros productos, sino tambi\u00e9n de las personas que ayudan a crearlos. Este D\u00eda Internacional de la Mujer, estamos destacando a una de las personas dedicadas detr\u00e1s de nuestros productos Nutrilite\u2122: Sam Soyka, gerente del departamento de Fabricaci\u00f3n de Amway.                             <\/p>\r\n                            \r\n                            <a class=\"post-link d-block mt-4\" href=\"https:\/\/weareamway.com\/es\/insights-cpt\/rompiendo-barreras-y-formando-equipos-el-impacto-de-sam-soyka-en-la-fabricacion-de-amway\/\">Leer M\u00e1s ><\/a>\r\n                        <\/div>\r\n                                            <div class=\"news-item news-item-1\">\r\n                            <p class=\"post-date\">\r\n                                febrero, 2026                            <\/p>\r\n\r\n                            <h3 class=\"h4 post-heading\">\r\n                                Habits in Healthspan: Enc\u00edas, intestino y todo lo dem\u00e1s: C\u00f3mo la salud bucal se convierte en salud para todo el cuerpo con la Dra. Purnima Kumar                            <\/h3>\r\n\r\n                            <p class=\"post-excerpt\">\r\n                                La salud bucal es una parte fundamental de nuestra rutina diaria, y este episodio de Habits in Healthspan explora c\u00f3mo la salud bucal se conecta con el bienestar general y ofrece h\u00e1bitos orales simples que pueden ayudar a apoyar la salud de todo el cuerpo.<br>                            <\/p>\r\n                            \r\n                            <a class=\"post-link d-block mt-4\" href=\"https:\/\/weareamway.com\/es\/insights-cpt\/habits-in-healthspan-encias-intestino-y-todo-lo-demas-como-la-salud-bucal-se-convierte-en-salud-para-todo-el-cuerpo-con-la-dra-purnima-kumar\/\">Leer M\u00e1s ><\/a>\r\n                        <\/div>\r\n                                            <div class=\"news-item news-item-2\">\r\n                            <p class=\"post-date\">\r\n                                enero, 2026                            <\/p>\r\n\r\n                            <h3 class=\"h4 post-heading\">\r\n                                Habits in Healthspan: Episodio 19: Ritmos de descanso: la ciencia detr\u00e1s de nuestro sue\u00f1o con Joseph Jarvis, Ph.D.                            <\/h3>\r\n\r\n                            <p class=\"post-excerpt\">\r\n                                Los anfitriones Alyssa y John dieron la bienvenida a Joe Jarvis, PhD de Amway I&amp;D, para una interesante conversaci\u00f3n sobre uno de los pilares fundamentales de la salud: el sue\u00f1o.                            <\/p>\r\n                            \r\n                            <a class=\"post-link d-block mt-4\" href=\"https:\/\/weareamway.com\/es\/insights-cpt\/habits-in-healthspan-episodio-19-ritmos-de-descanso-la-ciencia-detras-de-nuestro-sueno-con-joseph-jarvis-ph-d\/\">Leer M\u00e1s ><\/a>\r\n                        <\/div>\r\n                    \r\n                    <\/div>\r\n                \r\n                                    <div class=\"cta-wrap\"><a class=\"btn\" href=\"\/es\/news-insights\/\">Amway En Las Noticias<\/a><\/div>\r\n                            <\/div>\r\n        <\/div>\r\n    \n\n\r\n        <div class=\"image-text-2 \">\r\n        <div class=\"container\">\r\n            <div class=\"inner\">\r\n                                    <div class=\"image\"><img loading=\"lazy\" decoding=\"async\" width=\"686\" height=\"399\" src=\"https:\/\/weareamway.com\/wp-content\/uploads\/2023\/11\/Screenshot-2023-11-16-at-11.59-2.jpg\" class=\"attachment-full size-full\" alt=\"\" srcset=\"https:\/\/weareamway.com\/wp-content\/uploads\/2023\/11\/Screenshot-2023-11-16-at-11.59-2.jpg 686w, https:\/\/weareamway.com\/wp-content\/uploads\/2023\/11\/Screenshot-2023-11-16-at-11.59-2-300x174.jpg 300w\" sizes=\"auto, (max-width: 686px) 100vw, 686px\" \/><\/div>\r\n                                <div class=\"text h5\">\r\n                                                                <div class=\"heading\"><h2>Invirtiendo en innovaci\u00f3n<\/h2>\n<\/div>\r\n                                                                <div class=\"paragraph\"><p>Nuestros equipos de innovaci\u00f3n, fabricaci\u00f3n, garant\u00eda de calidad y agricultura de clase mundial son la fuerza detr\u00e1s de nuestra variedad de productos para nutrici\u00f3n, estado f\u00edsico, salud de la piel y una vida \u00fatil.<\/p>\n<\/div>\r\n                                                                <a class=\"btn light-btn\" href=\"\/es\/amway-facts\/#science-innovation\" >Innovaci\u00f3n y Ciencia<\/a>\r\n                                    <\/div>\r\n            <\/div>\r\n        <\/div>\r\n    <\/div>\r\n\n\n    <div class=\"side-videos\">\r\n        <div class=\"inner\">\r\n            <div class=\"left-video video-wrap for-desktop\">\r\n                <div class=\"video-overlay\">\r\n                    <img decoding=\"async\" src=\"https:\/\/weareamway.com\/wp-content\/uploads\/2024\/11\/Amway-an-American-Story-homepage-ES.jpg\" alt=\"video poster\">\r\n                    <a href=\"#\" class=\"play-button\">\r\n                        <svg width=\"108\" height=\"108\" viewBox=\"0 0 108 108\" fill=\"none\" xmlns=\"http:\/\/www.w3.org\/2000\/svg\">\r\n                            <g id=\"Group 408\">\r\n                            <path id=\"Polygon 1\" d=\"M79 54.5L42.25 75.7176L42.25 33.2824L79 54.5Z\" fill=\"white\"\/>\r\n                            <circle id=\"Ellipse 19\" cx=\"54\" cy=\"54\" r=\"53\" stroke=\"white\" stroke-width=\"2\"\/>\r\n                            <\/g>\r\n                        <\/svg>\r\n                    <\/a>\r\n                <\/div>\r\n                <video controls controlsList=\"nodownload\" src=\"https:\/\/weareamway.com\/wp-content\/uploads\/2025\/05\/amway_trailer_for_compliance_spanish_oc_v2.mp4\">\r\n                    <track\r\n                        label=\"English\"\r\n                        kind=\"captions\"\r\n                        srclang=\"en\"\r\n                        src=\"\"\r\n                        default \/>\r\n                <\/video>\r\n            <\/div>\r\n            <div class=\"text\">       \r\n                                    <p class=\"h1\">En Nuestras Propias Palabras<\/p>\r\n                         \r\n                                    <div class=\"paragraph\"><p>Explora la trayectoria de Amway: las diversas experiencias de los cientos de miles de IBOs y empleados que conforman nuestra comunidad, los hitos hist\u00f3ricos en nuestros m\u00e1s de 60 a\u00f1os de historia y los esfuerzos incansables que nos llevan hacia el futuro.<\/p><\/div>\r\n                                                    <a class=\"btn\" href=\"\/es\/our-stories\/\" >Nuestras Historias<\/a>\r\n                            <\/div>\r\n            <div class=\"right-video video-wrap for-desktop\">\r\n                <div class=\"video-overlay\">\r\n                    <img decoding=\"async\" src=\"https:\/\/weareamway.com\/wp-content\/uploads\/2023\/11\/Screenshot-2023-05-09-at-9.22-1-1-1.jpg\" alt=\"video poster\">\r\n                    <a href=\"#\" class=\"play-button\">\r\n                        <svg width=\"80\" height=\"80\" viewBox=\"0 0 80 80\" fill=\"none\" xmlns=\"http:\/\/www.w3.org\/2000\/svg\">\r\n                            <path d=\"M40 0C62.0914 0 80 17.9086 80 40C80 62.0914 62.0914 80 40 80C17.9086 80 0 62.0914 0 40C0 17.9086 17.9086 0 40 0Z\" fill=\"url(#paint0_linear_0_1075)\"\/>\r\n                            <path d=\"M32.9824 24.9688V55.0356L56.3194 40.0022L32.9824 24.9688Z\" fill=\"white\"\/>\r\n                            <defs>\r\n                                <linearGradient id=\"paint0_linear_0_1075\" x1=\"-40\" y1=\"40\" x2=\"40\" y2=\"120\" gradientUnits=\"userSpaceOnUse\">\r\n                                <stop stop-color=\"#FFC425\"\/>\r\n                                <stop offset=\"1\" stop-color=\"#F68B1F\"\/>\r\n                                <\/linearGradient>\r\n                            <\/defs>\r\n                        <\/svg>\r\n                    <\/a>\r\n                <\/div>\r\n                <video controls controlsList=\"nodownload\" src=\"https:\/\/weareamway.com\/wp-content\/uploads\/2023\/07\/luz_castaneda-540p.mp4\">\r\n                    <track\r\n                        label=\"English\"\r\n                        kind=\"captions\"\r\n                        srclang=\"en\"\r\n                        src=\"\"\r\n                        default \/>\r\n                <\/video>\r\n            <\/div>\r\n        <\/div>\r\n        <div class=\"for-mobile\">\r\n            <div class=\"left-video video-wrap\">\r\n                <div class=\"video-overlay\">\r\n                    <img decoding=\"async\" src=\"https:\/\/weareamway.com\/wp-content\/uploads\/2024\/11\/Amway-an-American-Story-homepage-ES.jpg\" alt=\"video poster\">\r\n                    <a href=\"#\" class=\"play-button\">\r\n                        <svg width=\"108\" height=\"108\" viewBox=\"0 0 108 108\" fill=\"none\" xmlns=\"http:\/\/www.w3.org\/2000\/svg\">\r\n                            <g id=\"Group 408\">\r\n                            <path id=\"Polygon 1\" d=\"M79 54.5L42.25 75.7176L42.25 33.2824L79 54.5Z\" fill=\"white\"\/>\r\n                            <circle id=\"Ellipse 19\" cx=\"54\" cy=\"54\" r=\"53\" stroke=\"white\" stroke-width=\"2\"\/>\r\n                            <\/g>\r\n                        <\/svg>\r\n                    <\/a>\r\n                <\/div>\r\n                <video controls controlsList=\"nodownload\" src=\"https:\/\/weareamway.com\/wp-content\/uploads\/2025\/05\/amway_trailer_for_compliance_spanish_oc_v2.mp4\">\r\n                    <track\r\n                        label=\"English\"\r\n                        kind=\"captions\"\r\n                        srclang=\"en\"\r\n                        src=\"\"\r\n                        default \/>\r\n                <\/video>\r\n            <\/div>\r\n            <div class=\"right-video video-wrap\">\r\n                <div class=\"video-overlay\">\r\n                    <img decoding=\"async\" src=\"https:\/\/weareamway.com\/wp-content\/uploads\/2023\/11\/Screenshot-2023-05-09-at-9.22-1-1-1.jpg\" alt=\"video poster\">\r\n                    <a href=\"#\" class=\"play-button\">\r\n                        <svg width=\"108\" height=\"108\" viewBox=\"0 0 108 108\" fill=\"none\" xmlns=\"http:\/\/www.w3.org\/2000\/svg\">\r\n                            <g id=\"Group 408\">\r\n                            <path id=\"Polygon 1\" d=\"M79 54.5L42.25 75.7176L42.25 33.2824L79 54.5Z\" fill=\"white\"\/>\r\n                            <circle id=\"Ellipse 19\" cx=\"54\" cy=\"54\" r=\"53\" stroke=\"white\" stroke-width=\"2\"\/>\r\n                            <\/g>\r\n                        <\/svg>\r\n                    <\/a>\r\n                <\/div>\r\n                <video controls controlsList=\"nodownload\" src=\"https:\/\/weareamway.com\/wp-content\/uploads\/2023\/07\/luz_castaneda-540p.mp4\">\r\n                    <track\r\n                        label=\"English\"\r\n                        kind=\"captions\"\r\n                        srclang=\"en\"\r\n                        src=\"\"\r\n                        default \/>\r\n                <\/video>\r\n            <\/div>\r\n        <\/div>\r\n    <\/div>\r\n\n\n        <div class=\"text-and-cta horizontal-layout\">\r\n        <div class=\"container\">\r\n                                                                <div class=\"text\">\r\n                                            <h2 class=\"h1 heading\">Marcando la Diferencia<\/h2>\r\n                                        <p>Amway utiliza lo mejor de nuestro negocio y el poder de las personas<br \/>\npara impactar a las comunidades en todas partes.<\/p>\n                <\/div>\r\n                                        <div class=\"cta-wrap\"><a class=\"btn light-btn\" href=\"\/es\/our-impact\">Nuestro Impacto<\/a><\/div>\r\n                            <\/div>\r\n                <\/div>\r\n","protected":false},"excerpt":{"rendered":"","protected":false},"author":2,"featured_media":996,"parent":0,"menu_order":0,"comment_status":"closed","ping_status":"closed","template":"","meta":{"_acf_changed":true,"footnotes":""},"class_list":{"2":"type-page","5":"hentry"},"acf":[],"yoast_head":"<!-- This site is optimized with the Yoast SEO plugin v27.3 - https:\/\/yoast.com\/product\/yoast-seo-wordpress\/ -->\n<title>Get To Know Amway - Amway<\/title>\n<meta name=\"description\" content=\"Amway\u2019s science-based products promote healthy and happy homes, families, and people, down to the water you drink and the air you breathe.\" \/>\n<meta name=\"robots\" content=\"index, follow, max-snippet:-1, max-image-preview:large, max-video-preview:-1\" \/>\n<link rel=\"canonical\" href=\"https:\/\/weareamway.com\/es\/\" \/>\n<meta property=\"og:locale\" content=\"es_ES\" \/>\n<meta property=\"og:type\" content=\"article\" \/>\n<meta property=\"og:title\" content=\"Get To Know Amway - Amway\" \/>\n<meta property=\"og:description\" content=\"Amway\u2019s science-based products promote healthy and happy homes, families, and people, down to the water you drink and the air you breathe.\" \/>\n<meta property=\"og:url\" content=\"https:\/\/weareamway.com\/es\/\" \/>\n<meta property=\"og:site_name\" content=\"Amway\" \/>\n<meta property=\"article:modified_time\" content=\"2026-04-06T14:59:02+00:00\" \/>\n<meta property=\"og:image\" content=\"https:\/\/weareamway.com\/wp-content\/uploads\/2023\/07\/amway-1024x538.png\" \/>\n<meta name=\"twitter:card\" content=\"summary_large_image\" \/>\n<meta name=\"twitter:image\" content=\"https:\/\/weareamway.com\/wp-content\/uploads\/2023\/07\/amway-1024x538.png\" \/>\n<meta name=\"twitter:label1\" content=\"Tiempo de lectura\" \/>\n\t<meta name=\"twitter:data1\" content=\"1 minuto\" \/>\n<script type=\"application\/ld+json\" class=\"yoast-schema-graph\">{\"@context\":\"https:\\\/\\\/schema.org\",\"@graph\":[{\"@type\":\"WebPage\",\"@id\":\"https:\\\/\\\/weareamway.com\\\/es\\\/\",\"url\":\"https:\\\/\\\/weareamway.com\\\/es\\\/\",\"name\":\"Get To Know Amway - Amway\",\"isPartOf\":{\"@id\":\"https:\\\/\\\/weareamway.com\\\/es\\\/#website\"},\"primaryImageOfPage\":{\"@id\":\"https:\\\/\\\/weareamway.com\\\/es\\\/#primaryimage\"},\"image\":{\"@id\":\"https:\\\/\\\/weareamway.com\\\/es\\\/#primaryimage\"},\"thumbnailUrl\":\"https:\\\/\\\/weareamway.com\\\/wp-content\\\/uploads\\\/2023\\\/07\\\/amway.png\",\"datePublished\":\"2023-05-23T10:55:21+00:00\",\"dateModified\":\"2026-04-06T14:59:02+00:00\",\"description\":\"Amway\u2019s science-based products promote healthy and happy homes, families, and people, down to the water you drink and the air you breathe.\",\"breadcrumb\":{\"@id\":\"https:\\\/\\\/weareamway.com\\\/es\\\/#breadcrumb\"},\"inLanguage\":\"es\",\"potentialAction\":[{\"@type\":\"ReadAction\",\"target\":[\"https:\\\/\\\/weareamway.com\\\/es\\\/\"]}]},{\"@type\":\"ImageObject\",\"inLanguage\":\"es\",\"@id\":\"https:\\\/\\\/weareamway.com\\\/es\\\/#primaryimage\",\"url\":\"https:\\\/\\\/weareamway.com\\\/wp-content\\\/uploads\\\/2023\\\/07\\\/amway.png\",\"contentUrl\":\"https:\\\/\\\/weareamway.com\\\/wp-content\\\/uploads\\\/2023\\\/07\\\/amway.png\",\"width\":1200,\"height\":630},{\"@type\":\"BreadcrumbList\",\"@id\":\"https:\\\/\\\/weareamway.com\\\/es\\\/#breadcrumb\",\"itemListElement\":[{\"@type\":\"ListItem\",\"position\":1,\"name\":\"Home\",\"item\":\"https:\\\/\\\/weareamway.com\\\/es\\\/\"},{\"@type\":\"ListItem\",\"position\":2,\"name\":\"Get To Know Amway\"}]},{\"@type\":\"WebSite\",\"@id\":\"https:\\\/\\\/weareamway.com\\\/es\\\/#website\",\"url\":\"https:\\\/\\\/weareamway.com\\\/es\\\/\",\"name\":\"Amway\",\"description\":\"\",\"publisher\":{\"@id\":\"https:\\\/\\\/weareamway.com\\\/es\\\/#organization\"},\"potentialAction\":[{\"@type\":\"SearchAction\",\"target\":{\"@type\":\"EntryPoint\",\"urlTemplate\":\"https:\\\/\\\/weareamway.com\\\/es\\\/?s={search_term_string}\"},\"query-input\":{\"@type\":\"PropertyValueSpecification\",\"valueRequired\":true,\"valueName\":\"search_term_string\"}}],\"inLanguage\":\"es\"},{\"@type\":\"Organization\",\"@id\":\"https:\\\/\\\/weareamway.com\\\/es\\\/#organization\",\"name\":\"Amway\",\"url\":\"https:\\\/\\\/weareamway.com\\\/es\\\/\",\"logo\":{\"@type\":\"ImageObject\",\"inLanguage\":\"es\",\"@id\":\"https:\\\/\\\/weareamway.com\\\/es\\\/#\\\/schema\\\/logo\\\/image\\\/\",\"url\":\"https:\\\/\\\/weareamway.com\\\/wp-content\\\/uploads\\\/2023\\\/08\\\/amway-logo-sized.jpg\",\"contentUrl\":\"https:\\\/\\\/weareamway.com\\\/wp-content\\\/uploads\\\/2023\\\/08\\\/amway-logo-sized.jpg\",\"width\":200,\"height\":200,\"caption\":\"Amway\"},\"image\":{\"@id\":\"https:\\\/\\\/weareamway.com\\\/es\\\/#\\\/schema\\\/logo\\\/image\\\/\"}}]}<\/script>\n<!-- \/ Yoast SEO plugin. -->","yoast_head_json":{"title":"Get To Know Amway - Amway","description":"Amway\u2019s science-based products promote healthy and happy homes, families, and people, down to the water you drink and the air you breathe.","robots":{"index":"index","follow":"follow","max-snippet":"max-snippet:-1","max-image-preview":"max-image-preview:large","max-video-preview":"max-video-preview:-1"},"canonical":"https:\/\/weareamway.com\/es\/","og_locale":"es_ES","og_type":"article","og_title":"Get To Know Amway - Amway","og_description":"Amway\u2019s science-based products promote healthy and happy homes, families, and people, down to the water you drink and the air you breathe.","og_url":"https:\/\/weareamway.com\/es\/","og_site_name":"Amway","article_modified_time":"2026-04-06T14:59:02+00:00","og_image":[{"url":"https:\/\/weareamway.com\/wp-content\/uploads\/2023\/07\/amway-1024x538.png","type":"","width":"","height":""}],"twitter_card":"summary_large_image","twitter_image":"https:\/\/weareamway.com\/wp-content\/uploads\/2023\/07\/amway-1024x538.png","twitter_misc":{"Tiempo de lectura":"1 minuto"},"schema":{"@context":"https:\/\/schema.org","@graph":[{"@type":"WebPage","@id":"https:\/\/weareamway.com\/es\/","url":"https:\/\/weareamway.com\/es\/","name":"Get To Know Amway - Amway","isPartOf":{"@id":"https:\/\/weareamway.com\/es\/#website"},"primaryImageOfPage":{"@id":"https:\/\/weareamway.com\/es\/#primaryimage"},"image":{"@id":"https:\/\/weareamway.com\/es\/#primaryimage"},"thumbnailUrl":"https:\/\/weareamway.com\/wp-content\/uploads\/2023\/07\/amway.png","datePublished":"2023-05-23T10:55:21+00:00","dateModified":"2026-04-06T14:59:02+00:00","description":"Amway\u2019s science-based products promote healthy and happy homes, families, and people, down to the water you drink and the air you breathe.","breadcrumb":{"@id":"https:\/\/weareamway.com\/es\/#breadcrumb"},"inLanguage":"es","potentialAction":[{"@type":"ReadAction","target":["https:\/\/weareamway.com\/es\/"]}]},{"@type":"ImageObject","inLanguage":"es","@id":"https:\/\/weareamway.com\/es\/#primaryimage","url":"https:\/\/weareamway.com\/wp-content\/uploads\/2023\/07\/amway.png","contentUrl":"https:\/\/weareamway.com\/wp-content\/uploads\/2023\/07\/amway.png","width":1200,"height":630},{"@type":"BreadcrumbList","@id":"https:\/\/weareamway.com\/es\/#breadcrumb","itemListElement":[{"@type":"ListItem","position":1,"name":"Home","item":"https:\/\/weareamway.com\/es\/"},{"@type":"ListItem","position":2,"name":"Get To Know Amway"}]},{"@type":"WebSite","@id":"https:\/\/weareamway.com\/es\/#website","url":"https:\/\/weareamway.com\/es\/","name":"Amway","description":"","publisher":{"@id":"https:\/\/weareamway.com\/es\/#organization"},"potentialAction":[{"@type":"SearchAction","target":{"@type":"EntryPoint","urlTemplate":"https:\/\/weareamway.com\/es\/?s={search_term_string}"},"query-input":{"@type":"PropertyValueSpecification","valueRequired":true,"valueName":"search_term_string"}}],"inLanguage":"es"},{"@type":"Organization","@id":"https:\/\/weareamway.com\/es\/#organization","name":"Amway","url":"https:\/\/weareamway.com\/es\/","logo":{"@type":"ImageObject","inLanguage":"es","@id":"https:\/\/weareamway.com\/es\/#\/schema\/logo\/image\/","url":"https:\/\/weareamway.com\/wp-content\/uploads\/2023\/08\/amway-logo-sized.jpg","contentUrl":"https:\/\/weareamway.com\/wp-content\/uploads\/2023\/08\/amway-logo-sized.jpg","width":200,"height":200,"caption":"Amway"},"image":{"@id":"https:\/\/weareamway.com\/es\/#\/schema\/logo\/image\/"}}]}},"_links":{"self":[{"href":"https:\/\/weareamway.com\/es\/wp-json\/wp\/v2\/pages\/1047","targetHints":{"allow":["GET"]}}],"collection":[{"href":"https:\/\/weareamway.com\/es\/wp-json\/wp\/v2\/pages"}],"about":[{"href":"https:\/\/weareamway.com\/es\/wp-json\/wp\/v2\/types\/page"}],"author":[{"embeddable":true,"href":"https:\/\/weareamway.com\/es\/wp-json\/wp\/v2\/users\/2"}],"replies":[{"embeddable":true,"href":"https:\/\/weareamway.com\/es\/wp-json\/wp\/v2\/comments?post=1047"}],"version-history":[{"count":0,"href":"https:\/\/weareamway.com\/es\/wp-json\/wp\/v2\/pages\/1047\/revisions"}],"wp:featuredmedia":[{"embeddable":true,"href":"https:\/\/weareamway.com\/es\/wp-json\/wp\/v2\/media\/996"}],"wp:attachment":[{"href":"https:\/\/weareamway.com\/es\/wp-json\/wp\/v2\/media?parent=1047"}],"curies":[{"name":"wp","href":"https:\/\/api.w.org\/{rel}","templated":true}]}}