{"id":1048,"date":"2023-11-21T19:44:29","date_gmt":"2023-11-21T19:44:29","guid":{"rendered":"https:\/\/weareamway.com\/amway-promise\/"},"modified":"2024-07-23T17:41:34","modified_gmt":"2024-07-23T17:41:34","slug":"amway-promise","status":"publish","type":"page","link":"https:\/\/weareamway.com\/es\/amway-promise\/","title":{"rendered":"Amway Promise"},"content":{"rendered":"\r\n            <div id=\"satisfaction-guarantee\" style=\"transform: translateY(-100px)\"><\/div>\r\n        <div class=\"image-text-2 even-padding invert-order first-block\">\r\n        <div class=\"container\">\r\n            <div class=\"inner\">\r\n                                    <div class=\"image\"><img loading=\"lazy\" decoding=\"async\" width=\"684\" height=\"399\" src=\"https:\/\/weareamway.com\/wp-content\/uploads\/2023\/11\/ABu_AmwSocial_809-2.jpg\" class=\"attachment-full size-full\" alt=\"\" srcset=\"https:\/\/weareamway.com\/wp-content\/uploads\/2023\/11\/ABu_AmwSocial_809-2.jpg 684w, https:\/\/weareamway.com\/wp-content\/uploads\/2023\/11\/ABu_AmwSocial_809-2-300x175.jpg 300w\" sizes=\"auto, (max-width: 684px) 100vw, 684px\" \/><\/div>\r\n                                <div class=\"text h5\">\r\n                                            <p class=\"eyebrow\"><strong>PROMESA<\/strong> AMWAY<\/p>\r\n                                                                <div class=\"heading\"><h1>Nuestra Garant\u00eda<\/h1>\n<\/div>\r\n                                                                <div class=\"paragraph\"><p>En Amway, sabemos que nuestro \u00e9xito depende del \u00e9xito de los Empresarios Independientes (IBO) de Amway y de la confianza que la gente tiene en nuestro negocio y nuestros productos.<\/p>\n<p>Por eso no solo hablamos de la protecci\u00f3n al consumidor y satisfacci\u00f3n del cliente. Nos mantenemos con los m\u00e1s altos est\u00e1ndares.<\/p>\n<\/div>\r\n                                                        <\/div>\r\n            <\/div>\r\n        <\/div>\r\n    <\/div>\r\n\n\n        <div class=\"text-and-cta\">\r\n        <div class=\"container\">\r\n                                                                        <\/div>\r\n                            <div class=\"products-list no-slider no-slider \" data-count=3>\r\n                                            <div class=\"product first-product\">\r\n                            <p>Si alguien, por cualquier motivo,<br \/>\nest\u00e1 insatisfecho con su<br \/>\ncompra de Amway, respaldamos nuestros<br \/>\nproductos con una excepcional<br \/>\ngarant\u00eda de satisfacci\u00f3n: un<br \/>\nreembolso completo para la mayor\u00eda<br \/>\nde los productos al devolverlo dentro<br \/>\nde un periodo de 180 d\u00edas. As\u00ed de confiado<br \/>\nestamos en nuestros productos y cu\u00e1nto nos<br \/>\npreocupamos por nuestros consumidores.<\/p>\n                        <\/div>\r\n                                            <div class=\"product \">\r\n                            <p>Los IBOs de Amway conocen mejor<br \/>\nque nadie el poder y el privilegio<br \/>\nde ser propietario de un negocio<br \/>\ny viven esos valores todos los d\u00edas<br \/>\na trav\u00e9s del liderazgo y el servicio.<br \/>\nLos IBOs tambi\u00e9n cumplen con est\u00e1ndares<br \/>\nexcepcionalmente altos, incluso siguiendo<br \/>\n<a href=\"https:\/\/www.amway.com\/medias\/AmwayBusinessReferenceGuide-USEN.pdf?context=bWFzdGVyfHBkZnwyMzIzMjQ4fGFwcGxpY2F0aW9uL3BkZnxzeXMtbWFzdGVyL3BkZi9oN2UvaDZlLzk3MjgzNTExMDkxNTAvQW13YXlCdXNpbmVzc1JlZmVyZW5jZUd1aWRlX1VTRU4ucGRmfGY1ZWU2NTgyOGY5ODQzMGVmNDUzMWRhZGYyZTFhOTZmYTdjMTJhNTliZDU5NWM1YTBjNGIwNDU1YjYyZDliNTI\" target=\"_blank\" rel=\"noopener\"><span style=\"text-decoration: underline;\">reglas de conducta<\/span><\/a> estrictas y obligatorias.<\/p>\n                        <\/div>\r\n                                            <div class=\"product \">\r\n                            <p>Un IBO puede optar por finalizar<br \/>\nsu contrato dentro de los 90 d\u00edas<br \/>\nposteriores al registro inicial y<br \/>\nrecibir un reembolso completo de su tarifa<br \/>\nde registro (Nota: a partir del 1 de enero de 2024,<br \/>\nla tarifa de registro ya no ser\u00e1 un requisito<br \/>\nde registro para los propietarios de nuevos negocios).<br \/>\nLos IBOs que abandonan el negocio Amway<br \/>\ntambi\u00e9n tienen derecho a devolver los productos<br \/>\nAmway con excepciones limitadas.<\/p>\n                        <\/div>\r\n                                    <\/div>\r\n                <\/div>\r\n\n\n\r\n            <div id=\"customer-promise\" style=\"transform: translateY(-100px)\"><\/div>\r\n        <div class=\"image-text-2 even-padding\">\r\n        <div class=\"container\">\r\n            <div class=\"inner\">\r\n                                    <div class=\"image\"><img loading=\"lazy\" decoding=\"async\" width=\"686\" height=\"399\" src=\"https:\/\/weareamway.com\/wp-content\/uploads\/2023\/11\/Nut_Rstg_2022_KITCHEN_4601-1.jpg\" class=\"attachment-full size-full\" alt=\"\" srcset=\"https:\/\/weareamway.com\/wp-content\/uploads\/2023\/11\/Nut_Rstg_2022_KITCHEN_4601-1.jpg 686w, https:\/\/weareamway.com\/wp-content\/uploads\/2023\/11\/Nut_Rstg_2022_KITCHEN_4601-1-300x174.jpg 300w\" sizes=\"auto, (max-width: 686px) 100vw, 686px\" \/><\/div>\r\n                                <div class=\"text h5\">\r\n                                            <p class=\"eyebrow\"><strong>PROMESA<\/strong> AMWAY<\/p>\r\n                                                                <div class=\"heading\"><h2>Como Cliente<\/h2>\n<\/div>\r\n                                                                <div class=\"paragraph\"><p>Cuando haces una compra con Amway, obtienes m\u00e1s que productos de calidad: obtienes la promesa de que protegeremos tu compra. Si no est\u00e1 satisfecho con el producto, devu\u00e9lvalo dentro del plazo de garant\u00eda de satisfacci\u00f3n de 180 d\u00edas, con <a href=\"https:\/\/www.amway.com\/medias\/AmwayBusinessReferenceGuide-USEN.pdf?context=bWFzdGVyfHBkZnwxNjA1MTY1fGFwcGxpY2F0aW9uL3BkZnxzeXMtbWFzdGVyL3BkZi9oNjUvaDY5Lzk4MTI5NzExMjY4MTQvQW13YXlCdXNpbmVzc1JlZmVyZW5jZUd1aWRlX1VTRU4ucGRmfGY5ZjRlNzhhOWRmMTEwNWMzMmQ0ZmI1ZmQ0ZDc3ZWEzMDFiMzliNTFmY2EyOWRkMTFlYjYwNGZkNzcxZjljZTI\" target=\"_blank\" rel=\"noopener\"><span style=\"text-decoration: underline;\">excepciones<\/span><\/a> m\u00ednimas, para obtener un reembolso completo.<\/p>\n<\/div>\r\n                                                        <\/div>\r\n            <\/div>\r\n        <\/div>\r\n    <\/div>\r\n\n\n\r\n    <div id=\"health-wellness\" class=\"get-to-know\">\r\n        <div class=\"container\">\r\n            <div class=\"inner\">\r\n                <div class=\"left\">\r\n                                            <p class=\"h6 eyebrow\"><strong>PROMESA<\/strong> AMWAY<\/p>\r\n                                                                <h3 class=\"h1\">Como Due\u00f1o de un Negocio Independiente de Amway<\/h3>\r\n                                                        <\/div>\r\n                                    <div class=\"right\">\r\n                                                    <div class=\"item\">\r\n                                <div class=\"image\"><img loading=\"lazy\" decoding=\"async\" width=\"211\" height=\"156\" src=\"https:\/\/weareamway.com\/wp-content\/uploads\/2023\/11\/Nut_NGV_Model_Half_Face-1.png\" class=\"attachment-full size-full\" alt=\"\" \/><\/div>\r\n                                <div class=\"text\"><h4 class=\"h2\">Las Personas Son Nuestra Prioridad<\/h4>\n<p>Desde el principio, las personas han sido nuestra prioridad. A trav\u00e9s de recursos fundamentales, como cursos educativos gratuitos y la orientaci\u00f3n constante de otros propietarios de negocios, Amway apoya a los IBOs en cada paso del camino, desde sus humildes comienzos hasta el \u00e9xito ganado con tanto esfuerzo. <\/p>\n<\/div>\r\n                            <\/div>\r\n                                                    <div class=\"item\">\r\n                                <div class=\"image\"><img loading=\"lazy\" decoding=\"async\" width=\"211\" height=\"156\" src=\"https:\/\/weareamway.com\/wp-content\/uploads\/2023\/11\/Nut_APPBstr_BAE_ACCL-1.png\" class=\"attachment-full size-full\" alt=\"\" \/><\/div>\r\n                                <div class=\"text\"><h4 class=\"h2\">Oportunidad Bajo Costo, Bajo riesgo<\/h4>\n<p>No hay requisitos de compra y no hay tarifas de inscripci\u00f3n para los propietarios de nuevos negocios. Nuestro \u00e9xito depende del \u00e9xito de cientos de miles de IBOs y estamos invertidos en su crecimiento sostenido.<\/p>\n<\/div>\r\n                            <\/div>\r\n                                                    <div class=\"item\">\r\n                                <div class=\"image\"><img loading=\"lazy\" decoding=\"async\" width=\"211\" height=\"156\" src=\"https:\/\/weareamway.com\/wp-content\/uploads\/2023\/11\/Art_SkinNtn_VitC_HA3_DS_11-1.jpg\" class=\"attachment-full size-full\" alt=\"\" \/><\/div>\r\n                                <div class=\"text\"><h4 class=\"h2\">Productos de Primera Calidad<\/h4>\n<p>Nuestro compromiso con productos de primera calidad genera clientes felices y due\u00f1os de negocios felices. Todos los productos Amway\u2122 (nutrici\u00f3n, belleza y hogar) est\u00e1n respaldados por nuestra garant\u00eda de satisfacci\u00f3n del 100%.<\/p>\n<\/div>\r\n                            <\/div>\r\n                                            <\/div>\r\n                            <\/div>\r\n        <\/div>\r\n    <\/div>\r\n\n\n\n\n","protected":false},"excerpt":{"rendered":"","protected":false},"author":2,"featured_media":997,"parent":0,"menu_order":0,"comment_status":"closed","ping_status":"closed","template":"","meta":{"_acf_changed":true,"footnotes":""},"class_list":{"2":"type-page","5":"hentry"},"acf":[],"yoast_head":"<!-- This site is optimized with the Yoast SEO plugin v27.3 - https:\/\/yoast.com\/product\/yoast-seo-wordpress\/ -->\n<title>Amway Promise - Amway<\/title>\n<meta name=\"robots\" content=\"index, follow, max-snippet:-1, max-image-preview:large, max-video-preview:-1\" \/>\n<link rel=\"canonical\" href=\"https:\/\/weareamway.com\/es\/amway-promise\/\" \/>\n<meta property=\"og:locale\" content=\"es_ES\" \/>\n<meta property=\"og:type\" content=\"article\" \/>\n<meta property=\"og:title\" content=\"Amway Promise - Amway\" \/>\n<meta property=\"og:url\" content=\"https:\/\/weareamway.com\/es\/amway-promise\/\" \/>\n<meta property=\"og:site_name\" content=\"Amway\" \/>\n<meta property=\"article:modified_time\" content=\"2024-07-23T17:41:34+00:00\" \/>\n<meta property=\"og:image\" content=\"https:\/\/weareamway.com\/wp-content\/uploads\/2023\/07\/amway-logo.png\" \/>\n\t<meta property=\"og:image:width\" content=\"696\" \/>\n\t<meta property=\"og:image:height\" content=\"696\" \/>\n\t<meta property=\"og:image:type\" content=\"image\/png\" \/>\n<meta name=\"twitter:card\" content=\"summary_large_image\" \/>\n<meta name=\"twitter:label1\" content=\"Tiempo de lectura\" \/>\n\t<meta name=\"twitter:data1\" content=\"1 minuto\" \/>\n<script type=\"application\/ld+json\" class=\"yoast-schema-graph\">{\"@context\":\"https:\\\/\\\/schema.org\",\"@graph\":[{\"@type\":\"WebPage\",\"@id\":\"https:\\\/\\\/weareamway.com\\\/es\\\/amway-promise\\\/\",\"url\":\"https:\\\/\\\/weareamway.com\\\/es\\\/amway-promise\\\/\",\"name\":\"Amway Promise - Amway\",\"isPartOf\":{\"@id\":\"https:\\\/\\\/weareamway.com\\\/es\\\/#website\"},\"primaryImageOfPage\":{\"@id\":\"https:\\\/\\\/weareamway.com\\\/es\\\/amway-promise\\\/#primaryimage\"},\"image\":{\"@id\":\"https:\\\/\\\/weareamway.com\\\/es\\\/amway-promise\\\/#primaryimage\"},\"thumbnailUrl\":\"https:\\\/\\\/weareamway.com\\\/wp-content\\\/uploads\\\/2023\\\/07\\\/amway-logo.png\",\"datePublished\":\"2023-11-21T19:44:29+00:00\",\"dateModified\":\"2024-07-23T17:41:34+00:00\",\"breadcrumb\":{\"@id\":\"https:\\\/\\\/weareamway.com\\\/es\\\/amway-promise\\\/#breadcrumb\"},\"inLanguage\":\"es\",\"potentialAction\":[{\"@type\":\"ReadAction\",\"target\":[\"https:\\\/\\\/weareamway.com\\\/es\\\/amway-promise\\\/\"]}]},{\"@type\":\"ImageObject\",\"inLanguage\":\"es\",\"@id\":\"https:\\\/\\\/weareamway.com\\\/es\\\/amway-promise\\\/#primaryimage\",\"url\":\"https:\\\/\\\/weareamway.com\\\/wp-content\\\/uploads\\\/2023\\\/07\\\/amway-logo.png\",\"contentUrl\":\"https:\\\/\\\/weareamway.com\\\/wp-content\\\/uploads\\\/2023\\\/07\\\/amway-logo.png\",\"width\":696,\"height\":696},{\"@type\":\"BreadcrumbList\",\"@id\":\"https:\\\/\\\/weareamway.com\\\/es\\\/amway-promise\\\/#breadcrumb\",\"itemListElement\":[{\"@type\":\"ListItem\",\"position\":1,\"name\":\"Home\",\"item\":\"https:\\\/\\\/weareamway.com\\\/es\\\/\"},{\"@type\":\"ListItem\",\"position\":2,\"name\":\"Amway Promise\"}]},{\"@type\":\"WebSite\",\"@id\":\"https:\\\/\\\/weareamway.com\\\/es\\\/#website\",\"url\":\"https:\\\/\\\/weareamway.com\\\/es\\\/\",\"name\":\"Amway\",\"description\":\"\",\"publisher\":{\"@id\":\"https:\\\/\\\/weareamway.com\\\/es\\\/#organization\"},\"potentialAction\":[{\"@type\":\"SearchAction\",\"target\":{\"@type\":\"EntryPoint\",\"urlTemplate\":\"https:\\\/\\\/weareamway.com\\\/es\\\/?s={search_term_string}\"},\"query-input\":{\"@type\":\"PropertyValueSpecification\",\"valueRequired\":true,\"valueName\":\"search_term_string\"}}],\"inLanguage\":\"es\"},{\"@type\":\"Organization\",\"@id\":\"https:\\\/\\\/weareamway.com\\\/es\\\/#organization\",\"name\":\"Amway\",\"url\":\"https:\\\/\\\/weareamway.com\\\/es\\\/\",\"logo\":{\"@type\":\"ImageObject\",\"inLanguage\":\"es\",\"@id\":\"https:\\\/\\\/weareamway.com\\\/es\\\/#\\\/schema\\\/logo\\\/image\\\/\",\"url\":\"https:\\\/\\\/weareamway.com\\\/wp-content\\\/uploads\\\/2023\\\/08\\\/amway-logo-sized.jpg\",\"contentUrl\":\"https:\\\/\\\/weareamway.com\\\/wp-content\\\/uploads\\\/2023\\\/08\\\/amway-logo-sized.jpg\",\"width\":200,\"height\":200,\"caption\":\"Amway\"},\"image\":{\"@id\":\"https:\\\/\\\/weareamway.com\\\/es\\\/#\\\/schema\\\/logo\\\/image\\\/\"}}]}<\/script>\n<!-- \/ Yoast SEO plugin. -->","yoast_head_json":{"title":"Amway Promise - Amway","robots":{"index":"index","follow":"follow","max-snippet":"max-snippet:-1","max-image-preview":"max-image-preview:large","max-video-preview":"max-video-preview:-1"},"canonical":"https:\/\/weareamway.com\/es\/amway-promise\/","og_locale":"es_ES","og_type":"article","og_title":"Amway Promise - Amway","og_url":"https:\/\/weareamway.com\/es\/amway-promise\/","og_site_name":"Amway","article_modified_time":"2024-07-23T17:41:34+00:00","og_image":[{"width":696,"height":696,"url":"https:\/\/weareamway.com\/wp-content\/uploads\/2023\/07\/amway-logo.png","type":"image\/png"}],"twitter_card":"summary_large_image","twitter_misc":{"Tiempo de lectura":"1 minuto"},"schema":{"@context":"https:\/\/schema.org","@graph":[{"@type":"WebPage","@id":"https:\/\/weareamway.com\/es\/amway-promise\/","url":"https:\/\/weareamway.com\/es\/amway-promise\/","name":"Amway Promise - Amway","isPartOf":{"@id":"https:\/\/weareamway.com\/es\/#website"},"primaryImageOfPage":{"@id":"https:\/\/weareamway.com\/es\/amway-promise\/#primaryimage"},"image":{"@id":"https:\/\/weareamway.com\/es\/amway-promise\/#primaryimage"},"thumbnailUrl":"https:\/\/weareamway.com\/wp-content\/uploads\/2023\/07\/amway-logo.png","datePublished":"2023-11-21T19:44:29+00:00","dateModified":"2024-07-23T17:41:34+00:00","breadcrumb":{"@id":"https:\/\/weareamway.com\/es\/amway-promise\/#breadcrumb"},"inLanguage":"es","potentialAction":[{"@type":"ReadAction","target":["https:\/\/weareamway.com\/es\/amway-promise\/"]}]},{"@type":"ImageObject","inLanguage":"es","@id":"https:\/\/weareamway.com\/es\/amway-promise\/#primaryimage","url":"https:\/\/weareamway.com\/wp-content\/uploads\/2023\/07\/amway-logo.png","contentUrl":"https:\/\/weareamway.com\/wp-content\/uploads\/2023\/07\/amway-logo.png","width":696,"height":696},{"@type":"BreadcrumbList","@id":"https:\/\/weareamway.com\/es\/amway-promise\/#breadcrumb","itemListElement":[{"@type":"ListItem","position":1,"name":"Home","item":"https:\/\/weareamway.com\/es\/"},{"@type":"ListItem","position":2,"name":"Amway Promise"}]},{"@type":"WebSite","@id":"https:\/\/weareamway.com\/es\/#website","url":"https:\/\/weareamway.com\/es\/","name":"Amway","description":"","publisher":{"@id":"https:\/\/weareamway.com\/es\/#organization"},"potentialAction":[{"@type":"SearchAction","target":{"@type":"EntryPoint","urlTemplate":"https:\/\/weareamway.com\/es\/?s={search_term_string}"},"query-input":{"@type":"PropertyValueSpecification","valueRequired":true,"valueName":"search_term_string"}}],"inLanguage":"es"},{"@type":"Organization","@id":"https:\/\/weareamway.com\/es\/#organization","name":"Amway","url":"https:\/\/weareamway.com\/es\/","logo":{"@type":"ImageObject","inLanguage":"es","@id":"https:\/\/weareamway.com\/es\/#\/schema\/logo\/image\/","url":"https:\/\/weareamway.com\/wp-content\/uploads\/2023\/08\/amway-logo-sized.jpg","contentUrl":"https:\/\/weareamway.com\/wp-content\/uploads\/2023\/08\/amway-logo-sized.jpg","width":200,"height":200,"caption":"Amway"},"image":{"@id":"https:\/\/weareamway.com\/es\/#\/schema\/logo\/image\/"}}]}},"_links":{"self":[{"href":"https:\/\/weareamway.com\/es\/wp-json\/wp\/v2\/pages\/1048","targetHints":{"allow":["GET"]}}],"collection":[{"href":"https:\/\/weareamway.com\/es\/wp-json\/wp\/v2\/pages"}],"about":[{"href":"https:\/\/weareamway.com\/es\/wp-json\/wp\/v2\/types\/page"}],"author":[{"embeddable":true,"href":"https:\/\/weareamway.com\/es\/wp-json\/wp\/v2\/users\/2"}],"replies":[{"embeddable":true,"href":"https:\/\/weareamway.com\/es\/wp-json\/wp\/v2\/comments?post=1048"}],"version-history":[{"count":0,"href":"https:\/\/weareamway.com\/es\/wp-json\/wp\/v2\/pages\/1048\/revisions"}],"wp:featuredmedia":[{"embeddable":true,"href":"https:\/\/weareamway.com\/es\/wp-json\/wp\/v2\/media\/997"}],"wp:attachment":[{"href":"https:\/\/weareamway.com\/es\/wp-json\/wp\/v2\/media?parent=1048"}],"curies":[{"name":"wp","href":"https:\/\/api.w.org\/{rel}","templated":true}]}}